{"id":1505,"date":"2023-08-29T18:32:32","date_gmt":"2023-08-29T16:32:32","guid":{"rendered":"https:\/\/www.qoocheloo.dk\/?post_type=product&#038;p=1505"},"modified":"2025-05-10T19:45:01","modified_gmt":"2025-05-10T17:45:01","slug":"the-hand-stud-earrings","status":"publish","type":"product","link":"https:\/\/www.qoocheloo.com\/da\/v\/the-hand-stud-earrings\/","title":{"rendered":"THE HAND STUD EARRINGS"},"content":{"rendered":"<p><span style=\"vertical-align: inherit;\"><span style=\"vertical-align: inherit;\">Introducing our exquisite jewelry collection, inspired by the captivating symbol of protection, the Hamsa Hand. <\/span><span style=\"vertical-align: inherit;\">Crafted with meticulous care, each piece in this collection represents not only style and elegance but also a powerful talisman against the evil eye.<\/span><\/span><\/p>\n<p><span style=\"vertical-align: inherit;\"><span style=\"vertical-align: inherit;\">Our Hamsa Hand jewelry is expertly crafted from sterling silver, meticulously gold-plated to perfection. <\/span><span style=\"vertical-align: inherit;\">The delicate design beautifully captures the essence of the Hamsa Hand, with its open palm and the striking eye at its center. <\/span><span style=\"vertical-align: inherit;\">To enhance its protective energy, a small crystal is carefully placed to emphasize the all-seeing eye.<\/span><\/span><\/p>\n<p><span style=\"vertical-align: inherit;\"><span style=\"vertical-align: inherit;\">SILVER 925. 18K GOLD PLATED. <\/span><span style=\"vertical-align: inherit;\">WHITE CRYSTAL STONE. <\/span><span style=\"vertical-align: inherit;\">10 mm<\/span><\/span><\/p>\n","protected":false},"excerpt":{"rendered":"<p>Beskyttende symbol m\u00f8der enkelhed. \u201cThe Hand\u201d er inspireret af det fascinerende symbol for beskyttelse \u2013 Hamsa-h\u00e5nden. Smykkerne kombinerer enkelhed og den kraftfulde betydning som en amulet mod det onde \u00f8je. Designet fanger essensen af Hamsa-h\u00e5nden med sin \u00e5bne h\u00e5ndflade og det krystalbesatte \u00f8je. Disse smykker symboliserer beskyttelse, positivitet og \u00e5ndelig styrke. K\u00f8b \u201cThe Hand\u201d i dag og lad dens betydning styrke dig til at str\u00e5le med beskyttelse og positivitet.<\/p>\n<p>Kollektionen er lavet af det fineste Sterling S\u00f8lv 925, belagt med 18 Karat Guld og har en lille krystalsten, der fremh\u00e6ver \u00f8jet i centrum af h\u00e5nden. <span style=\"vertical-align: inherit;\"><span style=\"vertical-align: inherit;\">10mm.<\/span><\/span><\/p>\n","protected":false},"featured_media":1492,"comment_status":"open","ping_status":"closed","template":"","meta":[],"product_cat":[15,35,24],"product_tag":[185,186],"class_list":{"0":"post-1505","1":"product","2":"type-product","3":"status-publish","4":"has-post-thumbnail","6":"product_cat-kollektion","7":"product_cat-mysterious","8":"product_cat-oereringe","9":"product_tag-hand-stud-earrings","10":"product_tag-haandstop-oereringe","12":"first","13":"instock","14":"shipping-taxable","15":"purchasable","16":"product-type-simple"},"jetpack_sharing_enabled":true,"_links":{"self":[{"href":"https:\/\/www.qoocheloo.com\/da\/wp-json\/wp\/v2\/product\/1505","targetHints":{"allow":["GET"]}}],"collection":[{"href":"https:\/\/www.qoocheloo.com\/da\/wp-json\/wp\/v2\/product"}],"about":[{"href":"https:\/\/www.qoocheloo.com\/da\/wp-json\/wp\/v2\/types\/product"}],"replies":[{"embeddable":true,"href":"https:\/\/www.qoocheloo.com\/da\/wp-json\/wp\/v2\/comments?post=1505"}],"wp:featuredmedia":[{"embeddable":true,"href":"https:\/\/www.qoocheloo.com\/da\/wp-json\/wp\/v2\/media\/1492"}],"wp:attachment":[{"href":"https:\/\/www.qoocheloo.com\/da\/wp-json\/wp\/v2\/media?parent=1505"}],"wp:term":[{"taxonomy":"product_cat","embeddable":true,"href":"https:\/\/www.qoocheloo.com\/da\/wp-json\/wp\/v2\/product_cat?post=1505"},{"taxonomy":"product_tag","embeddable":true,"href":"https:\/\/www.qoocheloo.com\/da\/wp-json\/wp\/v2\/product_tag?post=1505"}],"curies":[{"name":"wp","href":"https:\/\/api.w.org\/{rel}","templated":true}]}}