{"id":1928,"date":"2023-12-11T14:22:04","date_gmt":"2023-12-11T13:22:04","guid":{"rendered":"https:\/\/www.qoocheloo.dk\/?post_type=product&#038;p=1928"},"modified":"2024-07-27T18:09:17","modified_gmt":"2024-07-27T16:09:17","slug":"glow-dot-ring-gold","status":"publish","type":"product","link":"https:\/\/www.qoocheloo.com\/da\/v\/glow-dot-ring-gold\/","title":{"rendered":"GLOW DOT RING GOLD"},"content":{"rendered":"<p><span style=\"vertical-align: inherit;\"><span style=\"vertical-align: inherit;\">RECYCLED STERLING SILVER COATED WITH 18 KARAT GOLD AND CRYSTALS OF HIGHEST QUALITY. <\/span><span style=\"vertical-align: inherit;\">ONE SIZE<\/span><\/span><\/p>\n","protected":false},"excerpt":{"rendered":"<p>Fork\u00e6l dig selv med vores Glow-kollektion, inspireret af den festlige stemning af champagne. Smykkerne er prydet med glitrende champagnekrystaller, der skaber et tidl\u00f8st udtryk. Perfekte til b\u00e5de s\u00e6rlige begivenheder og hverdage, da de tilf\u00f8jer en luksuri\u00f8s gl\u00f8d og sofistikeret kant til ethvert look.\u00a0Smykket er lavet af det fineste Genanvendt Sterling S\u00f8lv 925, belagt med 18 Karat Guld og h\u00e5nds\u00e6t med facetslebne klare krystaller af h\u00f8jeste klarhed og kvalitet. <span style=\"vertical-align: inherit;\"><span style=\"vertical-align: inherit;\">One size. Justerbar.<\/span><\/span><\/p>\n","protected":false},"featured_media":1821,"comment_status":"open","ping_status":"closed","template":"","meta":[],"product_cat":[15,16,23],"product_tag":[139],"class_list":{"0":"post-1928","1":"product","2":"type-product","3":"status-publish","4":"has-post-thumbnail","6":"product_cat-kollektion","7":"product_cat-glow","8":"product_cat-ringe","9":"product_tag-glow-dot-ring-gold","11":"first","12":"outofstock","13":"shipping-taxable","14":"purchasable","15":"product-type-simple"},"jetpack_sharing_enabled":true,"_links":{"self":[{"href":"https:\/\/www.qoocheloo.com\/da\/wp-json\/wp\/v2\/product\/1928","targetHints":{"allow":["GET"]}}],"collection":[{"href":"https:\/\/www.qoocheloo.com\/da\/wp-json\/wp\/v2\/product"}],"about":[{"href":"https:\/\/www.qoocheloo.com\/da\/wp-json\/wp\/v2\/types\/product"}],"replies":[{"embeddable":true,"href":"https:\/\/www.qoocheloo.com\/da\/wp-json\/wp\/v2\/comments?post=1928"}],"wp:featuredmedia":[{"embeddable":true,"href":"https:\/\/www.qoocheloo.com\/da\/wp-json\/wp\/v2\/media\/1821"}],"wp:attachment":[{"href":"https:\/\/www.qoocheloo.com\/da\/wp-json\/wp\/v2\/media?parent=1928"}],"wp:term":[{"taxonomy":"product_cat","embeddable":true,"href":"https:\/\/www.qoocheloo.com\/da\/wp-json\/wp\/v2\/product_cat?post=1928"},{"taxonomy":"product_tag","embeddable":true,"href":"https:\/\/www.qoocheloo.com\/da\/wp-json\/wp\/v2\/product_tag?post=1928"}],"curies":[{"name":"wp","href":"https:\/\/api.w.org\/{rel}","templated":true}]}}