{"id":3376,"date":"2025-07-20T19:30:27","date_gmt":"2025-07-20T17:30:27","guid":{"rendered":"https:\/\/www.qoocheloo.com\/v\/loo-loo-dual-earrings\/"},"modified":"2025-07-20T19:36:09","modified_gmt":"2025-07-20T17:36:09","slug":"loo-loo-dual-earrings","status":"publish","type":"product","link":"https:\/\/www.qoocheloo.com\/da\/v\/loo-loo-dual-earrings\/","title":{"rendered":"LOO LOO DUAL EARRINGS"},"content":{"rendered":"","protected":false},"excerpt":{"rendered":"<p data-start=\"333\" data-end=\"579\">Diskret luksus i perfekt balance.<br data-start=\"366\" data-end=\"369\" \/>Loo Loo Dual Hoops er sm\u00e5, elegante \u00f8reringe designet i sterling s\u00f8lv og forgyldt med 18 karat guld. Den buede form er prydet med klare krystaller og fine \u00e6gte perler \u2013 en harmonisk kombination af glans og bl\u00f8dhed.<\/p>\n<p data-start=\"581\" data-end=\"633\">Et stilrent valg til b\u00e5de hverdagslook og aftenbrug. 12mm diameter.<\/p>\n","protected":false},"featured_media":3334,"comment_status":"open","ping_status":"closed","template":"","meta":[],"product_cat":[15,56,228,24],"product_tag":[],"class_list":{"0":"post-3376","1":"product","2":"type-product","3":"status-publish","4":"has-post-thumbnail","6":"product_cat-kollektion","7":"product_cat-looloo","8":"product_cat-new-collection","9":"product_cat-oereringe","11":"first","12":"instock","13":"shipping-taxable","14":"purchasable","15":"product-type-simple"},"jetpack_sharing_enabled":true,"_links":{"self":[{"href":"https:\/\/www.qoocheloo.com\/da\/wp-json\/wp\/v2\/product\/3376","targetHints":{"allow":["GET"]}}],"collection":[{"href":"https:\/\/www.qoocheloo.com\/da\/wp-json\/wp\/v2\/product"}],"about":[{"href":"https:\/\/www.qoocheloo.com\/da\/wp-json\/wp\/v2\/types\/product"}],"replies":[{"embeddable":true,"href":"https:\/\/www.qoocheloo.com\/da\/wp-json\/wp\/v2\/comments?post=3376"}],"wp:featuredmedia":[{"embeddable":true,"href":"https:\/\/www.qoocheloo.com\/da\/wp-json\/wp\/v2\/media\/3334"}],"wp:attachment":[{"href":"https:\/\/www.qoocheloo.com\/da\/wp-json\/wp\/v2\/media?parent=3376"}],"wp:term":[{"taxonomy":"product_cat","embeddable":true,"href":"https:\/\/www.qoocheloo.com\/da\/wp-json\/wp\/v2\/product_cat?post=3376"},{"taxonomy":"product_tag","embeddable":true,"href":"https:\/\/www.qoocheloo.com\/da\/wp-json\/wp\/v2\/product_tag?post=3376"}],"curies":[{"name":"wp","href":"https:\/\/api.w.org\/{rel}","templated":true}]}}