{"id":3401,"date":"2025-07-23T11:54:01","date_gmt":"2025-07-23T09:54:01","guid":{"rendered":"https:\/\/www.qoocheloo.com\/v\/lash\/"},"modified":"2025-07-23T11:55:58","modified_gmt":"2025-07-23T09:55:58","slug":"lash","status":"publish","type":"product","link":"https:\/\/www.qoocheloo.com\/da\/v\/lash\/","title":{"rendered":"LASH EARRINGS"},"content":{"rendered":"","protected":false},"excerpt":{"rendered":"<p data-start=\"503\" data-end=\"707\">Lash Earrings er designet i en bl\u00f8d, buet form og prydet med klare krystalsten, der fanger lyset smukt. Formen f\u00f8lger \u00f8rets linje og skaber et feminint og sofistikeret udtryk.<\/p>\n<p data-start=\"709\" data-end=\"769\">Fremstillet i 925 sterling s\u00f8lv og belagt med 18 karat guld. ca13mm I l\u00e6ngde.<\/p>\n","protected":false},"featured_media":3318,"comment_status":"open","ping_status":"closed","template":"","meta":[],"product_cat":[15,16,228,24],"product_tag":[],"class_list":{"0":"post-3401","1":"product","2":"type-product","3":"status-publish","4":"has-post-thumbnail","6":"product_cat-kollektion","7":"product_cat-glow","8":"product_cat-new-collection","9":"product_cat-oereringe","11":"first","12":"instock","13":"shipping-taxable","14":"purchasable","15":"product-type-simple"},"jetpack_sharing_enabled":true,"_links":{"self":[{"href":"https:\/\/www.qoocheloo.com\/da\/wp-json\/wp\/v2\/product\/3401","targetHints":{"allow":["GET"]}}],"collection":[{"href":"https:\/\/www.qoocheloo.com\/da\/wp-json\/wp\/v2\/product"}],"about":[{"href":"https:\/\/www.qoocheloo.com\/da\/wp-json\/wp\/v2\/types\/product"}],"replies":[{"embeddable":true,"href":"https:\/\/www.qoocheloo.com\/da\/wp-json\/wp\/v2\/comments?post=3401"}],"wp:featuredmedia":[{"embeddable":true,"href":"https:\/\/www.qoocheloo.com\/da\/wp-json\/wp\/v2\/media\/3318"}],"wp:attachment":[{"href":"https:\/\/www.qoocheloo.com\/da\/wp-json\/wp\/v2\/media?parent=3401"}],"wp:term":[{"taxonomy":"product_cat","embeddable":true,"href":"https:\/\/www.qoocheloo.com\/da\/wp-json\/wp\/v2\/product_cat?post=3401"},{"taxonomy":"product_tag","embeddable":true,"href":"https:\/\/www.qoocheloo.com\/da\/wp-json\/wp\/v2\/product_tag?post=3401"}],"curies":[{"name":"wp","href":"https:\/\/api.w.org\/{rel}","templated":true}]}}