{"id":384,"date":"2023-06-12T13:47:20","date_gmt":"2023-06-12T11:47:20","guid":{"rendered":"https:\/\/www.qoocheloo.dk\/?post_type=product&#038;p=384"},"modified":"2025-05-10T15:41:18","modified_gmt":"2025-05-10T13:41:18","slug":"dazzle-drop-crystal-earrings-white","status":"publish","type":"product","link":"https:\/\/www.qoocheloo.com\/da\/v\/dazzle-drop-crystal-earrings-white\/","title":{"rendered":"DAZZLE DROP CRYSTAL EARRINGS &#8211; WHITE"},"content":{"rendered":"<p><span style=\"vertical-align: inherit;\"><span style=\"vertical-align: inherit;\">GOLD VERMEIL. <\/span><span style=\"vertical-align: inherit;\">STERLING SILVER 925. COAT 18KARAT WHITE GOLD. <\/span><span style=\"vertical-align: inherit;\">WHITE CRYSTALS (AAAAA) HIGHEST CLARITY AND SHINE.<\/span><\/span><\/p>\n<p>&nbsp;<\/p>\n<p>&nbsp;<\/p>\n","protected":false},"excerpt":{"rendered":"<p>Dazzle \u2013 Lad dig fortrylle af vores str\u00e5lende kollektion, der skinner og fortryller med sit design. Hvert smykke er besat med krystaller af h\u00f8jeste klarhed og kvalitet, der fanger lyset p\u00e5 en fantastisk m\u00e5de. Vores smykker fra Dazzle er alsidige og perfekte til b\u00e5de hverdag og festlige begivenheder. De udstr\u00e5ler en klar klassisk stil med et moderne twist.<\/p>\n<p>Gold Vermeil<br \/>\nSmykket er lavet af det fineste Sterling S\u00f8lv 925, belagt med 18 Karat Hvidguld. Besat med hvide facetslebne krystaller af h\u00f8jeste klarhed, glans og kvalitet. \u00d8reringene er utroligt smukke.<\/p>\n","protected":false},"featured_media":385,"comment_status":"open","ping_status":"closed","template":"","meta":[],"product_cat":[15,33,24],"product_tag":[129,130],"class_list":{"0":"post-384","1":"product","2":"type-product","3":"status-publish","4":"has-post-thumbnail","6":"product_cat-kollektion","7":"product_cat-dazzle","8":"product_cat-oereringe","9":"product_tag-dazzle-drop-crystal-earrings","10":"product_tag-dazzle-drop-crystal-oereringe","12":"first","13":"instock","14":"shipping-taxable","15":"purchasable","16":"product-type-simple"},"jetpack_sharing_enabled":true,"_links":{"self":[{"href":"https:\/\/www.qoocheloo.com\/da\/wp-json\/wp\/v2\/product\/384","targetHints":{"allow":["GET"]}}],"collection":[{"href":"https:\/\/www.qoocheloo.com\/da\/wp-json\/wp\/v2\/product"}],"about":[{"href":"https:\/\/www.qoocheloo.com\/da\/wp-json\/wp\/v2\/types\/product"}],"replies":[{"embeddable":true,"href":"https:\/\/www.qoocheloo.com\/da\/wp-json\/wp\/v2\/comments?post=384"}],"wp:featuredmedia":[{"embeddable":true,"href":"https:\/\/www.qoocheloo.com\/da\/wp-json\/wp\/v2\/media\/385"}],"wp:attachment":[{"href":"https:\/\/www.qoocheloo.com\/da\/wp-json\/wp\/v2\/media?parent=384"}],"wp:term":[{"taxonomy":"product_cat","embeddable":true,"href":"https:\/\/www.qoocheloo.com\/da\/wp-json\/wp\/v2\/product_cat?post=384"},{"taxonomy":"product_tag","embeddable":true,"href":"https:\/\/www.qoocheloo.com\/da\/wp-json\/wp\/v2\/product_tag?post=384"}],"curies":[{"name":"wp","href":"https:\/\/api.w.org\/{rel}","templated":true}]}}