{"id":421,"date":"2023-06-28T10:37:56","date_gmt":"2023-06-28T08:37:56","guid":{"rendered":"https:\/\/www.qoocheloo.dk\/?post_type=product&#038;p=421"},"modified":"2025-05-10T16:37:00","modified_gmt":"2025-05-10T14:37:00","slug":"qoocheloo-double-butterfly-crystal-ring","status":"publish","type":"product","link":"https:\/\/www.qoocheloo.com\/da\/v\/qoocheloo-double-butterfly-crystal-ring\/","title":{"rendered":"QOOCHELOO DOUBLE BUTTERFLY CRYSTAL RING"},"content":{"rendered":"<p><span style=\"vertical-align: inherit;\"><span style=\"vertical-align: inherit;\">GOLD VERMEIL. <\/span><span style=\"vertical-align: inherit;\">STERLING SILVER 925. COAT 18 CARAT GOLD. <\/span><span style=\"vertical-align: inherit;\">WHITE AND ROSE CRYSTALS (AAAAA) HIGHEST QUALITY AND SHINE<\/span><\/span><\/p>\n<p><span style=\"vertical-align: inherit;\"><span style=\"vertical-align: inherit;\">ADJUSTABLE RING (25mm x 22mm)<\/span><\/span><\/p>\n","protected":false},"excerpt":{"rendered":"<p>Qoocheloo&#8217;s signatur sommerfuglekollektion fanger essensen af en magisk forvandling. Sommerfuglen repr\u00e6senterer rejsen mod personlig v\u00e6kst og forvandling. En betagende kollektion inspireret af frihed, h\u00e5b og dr\u00f8mme. Hvert smykke er designet med omhu og fanger sommerfuglens sk\u00f8nhed. Kollektionen er udsmykket med facetslebne klare krystaller og et strejf af lyser\u00f8de krystaller, der fremkalder en fortryllende sommervibe.<\/p>\n<p>Gold Vermeil. Smykket er lavet af det fineste Sterling S\u00f8lv 925, belagt med 18 karat hvid guld. H\u00e5ndsat med facetslebne krystaller af h\u00f8jeste klarhed, glans og kvalitet. Justerbar ring. Onesize<\/p>\n","protected":false},"featured_media":425,"comment_status":"open","ping_status":"closed","template":"","meta":[],"product_cat":[15,19,23],"product_tag":[206],"class_list":{"0":"post-421","1":"product","2":"type-product","3":"status-publish","4":"has-post-thumbnail","6":"product_cat-kollektion","7":"product_cat-butterfly","8":"product_cat-ringe","9":"product_tag-double-butterfly-crystal-ring","11":"first","12":"instock","13":"shipping-taxable","14":"purchasable","15":"product-type-simple"},"jetpack_sharing_enabled":true,"_links":{"self":[{"href":"https:\/\/www.qoocheloo.com\/da\/wp-json\/wp\/v2\/product\/421","targetHints":{"allow":["GET"]}}],"collection":[{"href":"https:\/\/www.qoocheloo.com\/da\/wp-json\/wp\/v2\/product"}],"about":[{"href":"https:\/\/www.qoocheloo.com\/da\/wp-json\/wp\/v2\/types\/product"}],"replies":[{"embeddable":true,"href":"https:\/\/www.qoocheloo.com\/da\/wp-json\/wp\/v2\/comments?post=421"}],"wp:featuredmedia":[{"embeddable":true,"href":"https:\/\/www.qoocheloo.com\/da\/wp-json\/wp\/v2\/media\/425"}],"wp:attachment":[{"href":"https:\/\/www.qoocheloo.com\/da\/wp-json\/wp\/v2\/media?parent=421"}],"wp:term":[{"taxonomy":"product_cat","embeddable":true,"href":"https:\/\/www.qoocheloo.com\/da\/wp-json\/wp\/v2\/product_cat?post=421"},{"taxonomy":"product_tag","embeddable":true,"href":"https:\/\/www.qoocheloo.com\/da\/wp-json\/wp\/v2\/product_tag?post=421"}],"curies":[{"name":"wp","href":"https:\/\/api.w.org\/{rel}","templated":true}]}}